{"id":14,"date":"2021-11-21T15:14:19","date_gmt":"2021-11-21T15:14:19","guid":{"rendered":"http:\/\/laforgeeditoriale.com\/index.php\/about\/"},"modified":"2023-11-08T14:11:50","modified_gmt":"2023-11-08T14:11:50","slug":"portrait","status":"publish","type":"page","link":"http:\/\/laforgeeditoriale.com\/index.php\/portrait\/","title":{"rendered":"Portrait"},"content":{"rendered":"\t\t<div data-elementor-type=\"wp-page\" data-elementor-id=\"14\" class=\"elementor elementor-14\">\n\t\t\t\t\t\t<section class=\"elementor-section elementor-top-section elementor-element elementor-element-c8ddeb6 elementor-section-height-min-height elementor-section-boxed elementor-section-height-default elementor-section-items-middle\" data-id=\"c8ddeb6\" data-element_type=\"section\" data-e-type=\"section\" data-settings=\"{&quot;background_background&quot;:&quot;classic&quot;}\">\n\t\t\t\t\t\t\t<div class=\"elementor-background-overlay\"><\/div>\n\t\t\t\t\t\t\t<div class=\"elementor-container elementor-column-gap-default\">\n\t\t\t\t\t<div class=\"elementor-column elementor-col-100 elementor-top-column elementor-element elementor-element-2250b6e\" data-id=\"2250b6e\" data-element_type=\"column\" data-e-type=\"column\">\n\t\t\t<div class=\"elementor-widget-wrap elementor-element-populated\">\n\t\t\t\t\t\t<div class=\"elementor-element elementor-element-d865631 elementor-widget elementor-widget-heading\" data-id=\"d865631\" data-element_type=\"widget\" data-e-type=\"widget\" data-widget_type=\"heading.default\">\n\t\t\t\t<div class=\"elementor-widget-container\">\n\t\t\t\t\t<h1 class=\"elementor-heading-title elementor-size-default\">la forge \u00e9ditoriale<\/h1>\t\t\t\t<\/div>\n\t\t\t\t<\/div>\n\t\t\t\t\t<\/div>\n\t\t<\/div>\n\t\t\t\t\t<\/div>\n\t\t<\/section>\n\t\t\t\t<section class=\"elementor-section elementor-top-section elementor-element elementor-element-0a959a6 elementor-section-boxed elementor-section-height-default elementor-section-height-default\" data-id=\"0a959a6\" data-element_type=\"section\" data-e-type=\"section\">\n\t\t\t\t\t\t<div class=\"elementor-container elementor-column-gap-default\">\n\t\t\t\t\t<div class=\"elementor-column elementor-col-100 elementor-top-column elementor-element elementor-element-300a688\" data-id=\"300a688\" data-element_type=\"column\" data-e-type=\"column\">\n\t\t\t<div class=\"elementor-widget-wrap elementor-element-populated\">\n\t\t\t\t\t\t<div class=\"elementor-element elementor-element-4eee5b5 elementor-widget elementor-widget-heading\" data-id=\"4eee5b5\" data-element_type=\"widget\" data-e-type=\"widget\" data-widget_type=\"heading.default\">\n\t\t\t\t<div class=\"elementor-widget-container\">\n\t\t\t\t\t<h2 class=\"elementor-heading-title elementor-size-default\">Catherine Julia, fondatrice<\/h2>\t\t\t\t<\/div>\n\t\t\t\t<\/div>\n\t\t\t\t<div class=\"elementor-element elementor-element-5ae566d elementor-widget-divider--view-line elementor-widget elementor-widget-divider\" data-id=\"5ae566d\" data-element_type=\"widget\" data-e-type=\"widget\" data-widget_type=\"divider.default\">\n\t\t\t\t<div class=\"elementor-widget-container\">\n\t\t\t\t\t\t\t<div class=\"elementor-divider\">\n\t\t\t<span class=\"elementor-divider-separator\">\n\t\t\t\t\t\t<\/span>\n\t\t<\/div>\n\t\t\t\t\t\t<\/div>\n\t\t\t\t<\/div>\n\t\t\t\t\t<\/div>\n\t\t<\/div>\n\t\t\t\t\t<\/div>\n\t\t<\/section>\n\t\t\t\t<section class=\"elementor-section elementor-top-section elementor-element elementor-element-034f786 elementor-section-boxed elementor-section-height-default elementor-section-height-default\" data-id=\"034f786\" data-element_type=\"section\" data-e-type=\"section\">\n\t\t\t\t\t\t<div class=\"elementor-container elementor-column-gap-default\">\n\t\t\t\t\t<div class=\"elementor-column elementor-col-100 elementor-top-column elementor-element elementor-element-ba0c118\" data-id=\"ba0c118\" data-element_type=\"column\" data-e-type=\"column\">\n\t\t\t<div class=\"elementor-widget-wrap elementor-element-populated\">\n\t\t\t\t\t\t<div class=\"elementor-element elementor-element-9fdb291 elementor-widget elementor-widget-image\" data-id=\"9fdb291\" data-element_type=\"widget\" data-e-type=\"widget\" data-widget_type=\"image.default\">\n\t\t\t\t<div class=\"elementor-widget-container\">\n\t\t\t\t\t\t\t\t\t\t\t\t\t\t\t<img decoding=\"async\" src=\"http:\/\/laforgeeditoriale.com\/wp-content\/uploads\/elementor\/thumbs\/Catherine-Verchere-Julia-la-forge-qervpcuhwj7x2sr8avqhj7fyentm4wi4dx7epkttno.jpg\" title=\"Catherine Verch\u00e8re Julia la forge\" alt=\"Catherine Verch\u00e8re Julia la forge\" loading=\"lazy\" \/>\t\t\t\t\t\t\t\t\t\t\t\t\t\t\t<\/div>\n\t\t\t\t<\/div>\n\t\t\t\t\t<\/div>\n\t\t<\/div>\n\t\t\t\t\t<\/div>\n\t\t<\/section>\n\t\t\t\t<section class=\"elementor-section elementor-top-section elementor-element elementor-element-546286a elementor-section-boxed elementor-section-height-default elementor-section-height-default\" data-id=\"546286a\" data-element_type=\"section\" data-e-type=\"section\">\n\t\t\t\t\t\t<div class=\"elementor-container elementor-column-gap-default\">\n\t\t\t\t\t<div class=\"elementor-column elementor-col-33 elementor-top-column elementor-element elementor-element-a545fe9\" data-id=\"a545fe9\" data-element_type=\"column\" data-e-type=\"column\">\n\t\t\t<div class=\"elementor-widget-wrap elementor-element-populated\">\n\t\t\t\t\t\t<div class=\"elementor-element elementor-element-8847fd7 elementor-widget elementor-widget-heading\" data-id=\"8847fd7\" data-element_type=\"widget\" data-e-type=\"widget\" data-widget_type=\"heading.default\">\n\t\t\t\t<div class=\"elementor-widget-container\">\n\t\t\t\t\t<h3 class=\"elementor-heading-title elementor-size-default\">Des dipl\u00f4mes<\/h3>\t\t\t\t<\/div>\n\t\t\t\t<\/div>\n\t\t\t\t<div class=\"elementor-element elementor-element-7d16be8 elementor-widget elementor-widget-text-editor\" data-id=\"7d16be8\" data-element_type=\"widget\" data-e-type=\"widget\" data-widget_type=\"text-editor.default\">\n\t\t\t\t<div class=\"elementor-widget-container\">\n\t\t\t\t\t\t\t\t\t<p>Titulaire d\u2019un BTS \u00c9dition et d\u2019un Master I \u2013 Dipl\u00f4me Sup\u00e9rieur des Arts et Techniques de Communication (DSATC) \u2013 d\u00e9livr\u00e9s par l\u2019\u00c9cole Estienne, je m\u2019int\u00e9resse \u00e9galement au format num\u00e9rique depuis l\u2019\u00e9mergence de l\u2019epub et ai obtenu du Syndicat national de l\u2019\u00c9dition le Certificat de Qualification Professionnelle d\u2019\u00e9diteur de livres num\u00e9riques apr\u00e8s une formation. J\u2019ai \u00e9galement suivi un cursus qualifiant de secr\u00e9taire de r\u00e9daction multim\u00e9dia.<\/p>\t\t\t\t\t\t\t\t<\/div>\n\t\t\t\t<\/div>\n\t\t\t\t<div class=\"elementor-element elementor-element-5ffa136 elementor-widget elementor-widget-image\" data-id=\"5ffa136\" data-element_type=\"widget\" data-e-type=\"widget\" data-widget_type=\"image.default\">\n\t\t\t\t<div class=\"elementor-widget-container\">\n\t\t\t\t\t\t\t\t\t\t\t\t\t\t\t\t<a href=\"https:\/\/indd.adobe.com\/view\/4a4de839-a947-4885-a8b8-032ea47cba25\" target=\"_blank\">\n\t\t\t\t\t\t\t<img fetchpriority=\"high\" decoding=\"async\" width=\"828\" height=\"828\" src=\"http:\/\/laforgeeditoriale.com\/wp-content\/uploads\/2021\/12\/CV.jpg\" class=\"attachment-full size-full wp-image-2051\" alt=\"\" srcset=\"http:\/\/laforgeeditoriale.com\/wp-content\/uploads\/2021\/12\/CV.jpg 828w, http:\/\/laforgeeditoriale.com\/wp-content\/uploads\/2021\/12\/CV-300x300.jpg 300w, http:\/\/laforgeeditoriale.com\/wp-content\/uploads\/2021\/12\/CV-150x150.jpg 150w, http:\/\/laforgeeditoriale.com\/wp-content\/uploads\/2021\/12\/CV-768x768.jpg 768w\" sizes=\"(max-width: 828px) 100vw, 828px\" \/>\t\t\t\t\t\t\t\t<\/a>\n\t\t\t\t\t\t\t\t\t\t\t\t\t\t\t<\/div>\n\t\t\t\t<\/div>\n\t\t\t\t\t<\/div>\n\t\t<\/div>\n\t\t\t\t<div class=\"elementor-column elementor-col-33 elementor-top-column elementor-element elementor-element-f39d67a\" data-id=\"f39d67a\" data-element_type=\"column\" data-e-type=\"column\">\n\t\t\t<div class=\"elementor-widget-wrap elementor-element-populated\">\n\t\t\t\t\t\t<div class=\"elementor-element elementor-element-8a016fc elementor-widget elementor-widget-heading\" data-id=\"8a016fc\" data-element_type=\"widget\" data-e-type=\"widget\" data-widget_type=\"heading.default\">\n\t\t\t\t<div class=\"elementor-widget-container\">\n\t\t\t\t\t<h3 class=\"elementor-heading-title elementor-size-default\">Une exp\u00e9rience<\/h3>\t\t\t\t<\/div>\n\t\t\t\t<\/div>\n\t\t\t\t<div class=\"elementor-element elementor-element-b337a9c elementor-widget elementor-widget-text-editor\" data-id=\"b337a9c\" data-element_type=\"widget\" data-e-type=\"widget\" data-widget_type=\"text-editor.default\">\n\t\t\t\t<div class=\"elementor-widget-container\">\n\t\t\t\t\t\t\t\t\t<p>Apr\u00e8s avoir travaill\u00e9 17 ans dans divers titres de la presse nationale \u2013 directrice artistique de Nous Deux, chef de studio loisir de VSD\u2026 \u2013 j\u2019ai quitt\u00e9 Paris et le poste de chef de studio que j\u2019occupais chez Femme Actuelle en 2002 pour vivre dans le sud de la France.&nbsp;<\/p>\n<p>Sp\u00e9cialis\u00e9e en presse et en \u00e9dition, j\u2019y exerce depuis en free-lance avec le statut d\u2019artiste auteur. Avec plus de 400 livres \u00e0 mon actif, je collabore&nbsp;aujourd&rsquo;hui&nbsp;notamment&nbsp;comme directrice artistique des \u00c9ditions Universitaires d\u2019Avignon et des Grands Dossiers de Sciences Humaines.<\/p>\t\t\t\t\t\t\t\t<\/div>\n\t\t\t\t<\/div>\n\t\t\t\t\t<\/div>\n\t\t<\/div>\n\t\t\t\t<div class=\"elementor-column elementor-col-33 elementor-top-column elementor-element elementor-element-d36a947\" data-id=\"d36a947\" data-element_type=\"column\" data-e-type=\"column\">\n\t\t\t<div class=\"elementor-widget-wrap elementor-element-populated\">\n\t\t\t\t\t\t<div class=\"elementor-element elementor-element-5fffdc1 elementor-widget elementor-widget-heading\" data-id=\"5fffdc1\" data-element_type=\"widget\" data-e-type=\"widget\" data-widget_type=\"heading.default\">\n\t\t\t\t<div class=\"elementor-widget-container\">\n\t\t\t\t\t<h3 class=\"elementor-heading-title elementor-size-default\">Des valeurs<\/h3>\t\t\t\t<\/div>\n\t\t\t\t<\/div>\n\t\t\t\t<div class=\"elementor-element elementor-element-2a32f79 elementor-widget elementor-widget-text-editor\" data-id=\"2a32f79\" data-element_type=\"widget\" data-e-type=\"widget\" data-widget_type=\"text-editor.default\">\n\t\t\t\t<div class=\"elementor-widget-container\">\n\t\t\t\t\t\t\t\t\t<div><p>Je d\u00e9bute chaque projet par une analyse de contenu,\u00a0puis une r\u00e9flexion incontournable<span class=\"apple-converted-space\">\u00a0<\/span>sur les masses et la typographie afin d\u2019\u00e9tablir un principe pour accompagner la s\u00e9mantique des textes et optimiser le processus de lecture. La mise en page, selon cette charte, avec les outils de la Suite Adobe, donne ensuite corps \u00e0 l\u2019ouvrage.\u00a0<\/p><\/div><p><span style=\"font-style: inherit; color: var(--ast-global-color-3); background-color: rgba(255, 255, 255, 0);\">Mes points forts : un amour inconditionnel de la typographie, une rigueur extr\u00eame, une grande r\u00e9activit\u00e9, un respect strict des d\u00e9lais impartis, une grande capacit\u00e9 de travail, une parfaite connaissance du code orthotypographique.<\/span><\/p>\t\t\t\t\t\t\t\t<\/div>\n\t\t\t\t<\/div>\n\t\t\t\t\t<\/div>\n\t\t<\/div>\n\t\t\t\t\t<\/div>\n\t\t<\/section>\n\t\t\t\t<section class=\"elementor-section elementor-top-section elementor-element elementor-element-e889fc3 elementor-section-boxed elementor-section-height-default elementor-section-height-default\" data-id=\"e889fc3\" data-element_type=\"section\" data-e-type=\"section\" data-settings=\"{&quot;background_background&quot;:&quot;classic&quot;}\">\n\t\t\t\t\t\t<div class=\"elementor-container elementor-column-gap-default\">\n\t\t\t\t\t<div class=\"elementor-column elementor-col-100 elementor-top-column elementor-element elementor-element-ebb2ba7\" data-id=\"ebb2ba7\" data-element_type=\"column\" data-e-type=\"column\">\n\t\t\t<div class=\"elementor-widget-wrap elementor-element-populated\">\n\t\t\t\t\t\t<div class=\"elementor-element elementor-element-14b6458 elementor-widget elementor-widget-image\" data-id=\"14b6458\" data-element_type=\"widget\" data-e-type=\"widget\" data-widget_type=\"image.default\">\n\t\t\t\t<div class=\"elementor-widget-container\">\n\t\t\t\t\t\t\t\t\t\t\t\t\t\t\t<img decoding=\"async\" width=\"280\" height=\"217\" src=\"http:\/\/laforgeeditoriale.com\/wp-content\/uploads\/2021\/11\/Guillemets.png\" class=\"attachment-full size-full wp-image-1457\" alt=\"\" \/>\t\t\t\t\t\t\t\t\t\t\t\t\t\t\t<\/div>\n\t\t\t\t<\/div>\n\t\t\t\t<div class=\"elementor-element elementor-element-beb0353 elementor-widget elementor-widget-heading\" data-id=\"beb0353\" data-element_type=\"widget\" data-e-type=\"widget\" data-widget_type=\"heading.default\">\n\t\t\t\t<div class=\"elementor-widget-container\">\n\t\t\t\t\t<h4 class=\"elementor-heading-title elementor-size-default\">Le contenu vient avant le design. Un design sans contenu n\u2019est pas un design, c\u2019est une d\u00e9coration.<\/h4>\t\t\t\t<\/div>\n\t\t\t\t<\/div>\n\t\t\t\t<div class=\"elementor-element elementor-element-4e74ae5 elementor-widget elementor-widget-image\" data-id=\"4e74ae5\" data-element_type=\"widget\" data-e-type=\"widget\" data-widget_type=\"image.default\">\n\t\t\t\t<div class=\"elementor-widget-container\">\n\t\t\t\t\t\t\t\t\t\t\t\t\t\t\t<img decoding=\"async\" width=\"533\" height=\"533\" src=\"http:\/\/laforgeeditoriale.com\/wp-content\/uploads\/2021\/12\/Jeffrey-Zeldman.jpg\" class=\"attachment-full size-full wp-image-2064\" alt=\"\" srcset=\"http:\/\/laforgeeditoriale.com\/wp-content\/uploads\/2021\/12\/Jeffrey-Zeldman.jpg 533w, http:\/\/laforgeeditoriale.com\/wp-content\/uploads\/2021\/12\/Jeffrey-Zeldman-300x300.jpg 300w, http:\/\/laforgeeditoriale.com\/wp-content\/uploads\/2021\/12\/Jeffrey-Zeldman-150x150.jpg 150w\" sizes=\"(max-width: 533px) 100vw, 533px\" \/>\t\t\t\t\t\t\t\t\t\t\t\t\t\t\t<\/div>\n\t\t\t\t<\/div>\n\t\t\t\t<div class=\"elementor-element elementor-element-ec91cfa elementor-widget elementor-widget-text-editor\" data-id=\"ec91cfa\" data-element_type=\"widget\" data-e-type=\"widget\" data-widget_type=\"text-editor.default\">\n\t\t\t\t<div class=\"elementor-widget-container\">\n\t\t\t\t\t\t\t\t\tJeffrey Zeldman\t\t\t\t\t\t\t\t<\/div>\n\t\t\t\t<\/div>\n\t\t\t\t\t<\/div>\n\t\t<\/div>\n\t\t\t\t\t<\/div>\n\t\t<\/section>\n\t\t\t\t<section class=\"elementor-section elementor-top-section elementor-element elementor-element-71a3c1d elementor-section-boxed elementor-section-height-default elementor-section-height-default\" data-id=\"71a3c1d\" data-element_type=\"section\" data-e-type=\"section\">\n\t\t\t\t\t\t<div class=\"elementor-container elementor-column-gap-default\">\n\t\t\t\t\t<div class=\"elementor-column elementor-col-100 elementor-top-column elementor-element elementor-element-4633ee2\" data-id=\"4633ee2\" data-element_type=\"column\" data-e-type=\"column\">\n\t\t\t<div class=\"elementor-widget-wrap elementor-element-populated\">\n\t\t\t\t\t\t<div class=\"elementor-element elementor-element-117aa80 elementor-widget__width-initial elementor-widget elementor-widget-image\" data-id=\"117aa80\" data-element_type=\"widget\" data-e-type=\"widget\" data-widget_type=\"image.default\">\n\t\t\t\t<div class=\"elementor-widget-container\">\n\t\t\t\t\t\t\t\t\t\t\t\t\t\t\t\t<a href=\"https:\/\/www.facebook.com\/laforgeeditoriale\" target=\"_blank\">\n\t\t\t\t\t\t\t<img decoding=\"async\" src=\"http:\/\/laforgeeditoriale.com\/wp-content\/uploads\/elementor\/thumbs\/FB-la-forge-qetvskarpdfp12gsdl52iwurbewgz4477o787l9m8g.jpg\" title=\"FB la forge\" alt=\"FB la forge\" loading=\"lazy\" \/>\t\t\t\t\t\t\t\t<\/a>\n\t\t\t\t\t\t\t\t\t\t\t\t\t\t\t<\/div>\n\t\t\t\t<\/div>\n\t\t\t\t\t<\/div>\n\t\t<\/div>\n\t\t\t\t\t<\/div>\n\t\t<\/section>\n\t\t\t\t<\/div>\n\t\t","protected":false},"excerpt":{"rendered":"<p>la forge \u00e9ditoriale Catherine Julia, fondatrice Des dipl\u00f4mes Titulaire d\u2019un BTS \u00c9dition et d\u2019un Master I \u2013 Dipl\u00f4me Sup\u00e9rieur des Arts et Techniques de Communication (DSATC) \u2013 d\u00e9livr\u00e9s par l\u2019\u00c9cole Estienne, je m\u2019int\u00e9resse \u00e9galement au format num\u00e9rique depuis l\u2019\u00e9mergence de l\u2019epub et ai obtenu du Syndicat national de l\u2019\u00c9dition le Certificat de Qualification Professionnelle d\u2019\u00e9diteur &hellip;<\/p>\n<p class=\"read-more\"> <a class=\"\" href=\"http:\/\/laforgeeditoriale.com\/index.php\/portrait\/\"> <span class=\"screen-reader-text\">Portrait<\/span> Lire la suite \u00bb<\/a><\/p>\n","protected":false},"author":1,"featured_media":0,"parent":0,"menu_order":0,"comment_status":"closed","ping_status":"closed","template":"","meta":{"om_disable_all_campaigns":false,"_monsterinsights_skip_tracking":false,"_monsterinsights_sitenote_active":false,"_monsterinsights_sitenote_note":"","_monsterinsights_sitenote_category":0,"site-sidebar-layout":"no-sidebar","site-content-layout":"page-builder","ast-main-header-display":"","ast-hfb-above-header-display":"","ast-hfb-below-header-display":"","ast-hfb-mobile-header-display":"","site-post-title":"disabled","ast-breadcrumbs-content":"","ast-featured-img":"disabled","footer-sml-layout":"","theme-transparent-header-meta":"enabled","adv-header-id-meta":"","stick-header-meta":"","header-above-stick-meta":"","header-main-stick-meta":"","header-below-stick-meta":"","footnotes":""},"class_list":["post-14","page","type-page","status-publish","hentry"],"aioseo_notices":[],"uagb_featured_image_src":{"full":false,"thumbnail":false,"medium":false,"medium_large":false,"large":false,"1536x1536":false,"2048x2048":false},"uagb_author_info":{"display_name":"julia.verchere@gmail.com","author_link":"http:\/\/laforgeeditoriale.com\/index.php\/author\/julia-vercheregmail-com\/"},"uagb_comment_info":0,"uagb_excerpt":"la forge \u00e9ditoriale Catherine Julia, fondatrice Des dipl\u00f4mes Titulaire d\u2019un BTS \u00c9dition et d\u2019un Master I \u2013 Dipl\u00f4me Sup\u00e9rieur des Arts et Techniques de Communication (DSATC) \u2013 d\u00e9livr\u00e9s par l\u2019\u00c9cole Estienne, je m\u2019int\u00e9resse \u00e9galement au format num\u00e9rique depuis l\u2019\u00e9mergence de l\u2019epub et ai obtenu du Syndicat national de l\u2019\u00c9dition le Certificat de Qualification Professionnelle d\u2019\u00e9diteur\u2026","_links":{"self":[{"href":"http:\/\/laforgeeditoriale.com\/index.php\/wp-json\/wp\/v2\/pages\/14","targetHints":{"allow":["GET"]}}],"collection":[{"href":"http:\/\/laforgeeditoriale.com\/index.php\/wp-json\/wp\/v2\/pages"}],"about":[{"href":"http:\/\/laforgeeditoriale.com\/index.php\/wp-json\/wp\/v2\/types\/page"}],"author":[{"embeddable":true,"href":"http:\/\/laforgeeditoriale.com\/index.php\/wp-json\/wp\/v2\/users\/1"}],"replies":[{"embeddable":true,"href":"http:\/\/laforgeeditoriale.com\/index.php\/wp-json\/wp\/v2\/comments?post=14"}],"version-history":[{"count":167,"href":"http:\/\/laforgeeditoriale.com\/index.php\/wp-json\/wp\/v2\/pages\/14\/revisions"}],"predecessor-version":[{"id":3269,"href":"http:\/\/laforgeeditoriale.com\/index.php\/wp-json\/wp\/v2\/pages\/14\/revisions\/3269"}],"wp:attachment":[{"href":"http:\/\/laforgeeditoriale.com\/index.php\/wp-json\/wp\/v2\/media?parent=14"}],"curies":[{"name":"wp","href":"https:\/\/api.w.org\/{rel}","templated":true}]}}