{"id":3,"date":"2021-11-29T14:01:06","date_gmt":"2021-11-29T14:01:06","guid":{"rendered":"http:\/\/laforgeeditoriale.com\/?page_id=3"},"modified":"2022-01-16T15:44:58","modified_gmt":"2022-01-16T15:44:58","slug":"mentions_legales","status":"publish","type":"page","link":"http:\/\/laforgeeditoriale.com\/index.php\/mentions_legales\/","title":{"rendered":""},"content":{"rendered":"\t\t<div data-elementor-type=\"wp-page\" data-elementor-id=\"3\" class=\"elementor elementor-3\">\n\t\t\t\t\t\t<section class=\"elementor-section elementor-top-section elementor-element elementor-element-4e25ce3 elementor-section-height-min-height elementor-section-boxed elementor-section-height-default elementor-section-items-middle\" data-id=\"4e25ce3\" data-element_type=\"section\" data-e-type=\"section\" data-settings=\"{&quot;background_background&quot;:&quot;classic&quot;}\">\n\t\t\t\t\t\t\t<div class=\"elementor-background-overlay\"><\/div>\n\t\t\t\t\t\t\t<div class=\"elementor-container elementor-column-gap-default\">\n\t\t\t\t\t<div class=\"elementor-column elementor-col-100 elementor-top-column elementor-element elementor-element-2bad3e53\" data-id=\"2bad3e53\" data-element_type=\"column\" data-e-type=\"column\">\n\t\t\t<div class=\"elementor-widget-wrap\">\n\t\t\t\t\t\t\t<\/div>\n\t\t<\/div>\n\t\t\t\t\t<\/div>\n\t\t<\/section>\n\t\t\t\t<section class=\"elementor-section elementor-top-section elementor-element elementor-element-36878f19 elementor-section-boxed elementor-section-height-default elementor-section-height-default\" data-id=\"36878f19\" data-element_type=\"section\" data-e-type=\"section\">\n\t\t\t\t\t\t<div class=\"elementor-container elementor-column-gap-default\">\n\t\t\t\t\t<div class=\"elementor-column elementor-col-100 elementor-top-column elementor-element elementor-element-33c6852\" data-id=\"33c6852\" data-element_type=\"column\" data-e-type=\"column\">\n\t\t\t<div class=\"elementor-widget-wrap elementor-element-populated\">\n\t\t\t\t\t\t<div class=\"elementor-element elementor-element-4031ee3b elementor-widget elementor-widget-heading\" data-id=\"4031ee3b\" data-element_type=\"widget\" data-e-type=\"widget\" data-widget_type=\"heading.default\">\n\t\t\t\t<div class=\"elementor-widget-container\">\n\t\t\t\t\t<h2 class=\"elementor-heading-title elementor-size-default\">Mentions l\u00e9gales<\/h2>\t\t\t\t<\/div>\n\t\t\t\t<\/div>\n\t\t\t\t<div class=\"elementor-element elementor-element-5430dad8 elementor-widget-divider--view-line elementor-widget elementor-widget-divider\" data-id=\"5430dad8\" data-element_type=\"widget\" data-e-type=\"widget\" data-widget_type=\"divider.default\">\n\t\t\t\t<div class=\"elementor-widget-container\">\n\t\t\t\t\t\t\t<div class=\"elementor-divider\">\n\t\t\t<span class=\"elementor-divider-separator\">\n\t\t\t\t\t\t<\/span>\n\t\t<\/div>\n\t\t\t\t\t\t<\/div>\n\t\t\t\t<\/div>\n\t\t\t\t<div class=\"elementor-element elementor-element-e8d9992 elementor-widget elementor-widget-heading\" data-id=\"e8d9992\" data-element_type=\"widget\" data-e-type=\"widget\" data-widget_type=\"heading.default\">\n\t\t\t\t<div class=\"elementor-widget-container\">\n\t\t\t\t\t<h3 class=\"elementor-heading-title elementor-size-large\">IDENTIT\u00c9<\/h3>\t\t\t\t<\/div>\n\t\t\t\t<\/div>\n\t\t\t\t<div class=\"elementor-element elementor-element-f07c427 elementor-widget elementor-widget-heading\" data-id=\"f07c427\" data-element_type=\"widget\" data-e-type=\"widget\" data-widget_type=\"heading.default\">\n\t\t\t\t<div class=\"elementor-widget-container\">\n\t\t\t\t\t<h3 class=\"elementor-heading-title elementor-size-default\">Nom du site : laforgeeditoriale<br>Adresse : http:\/\/laforgeeditoriale.com<br>Propri\u00e9taire : Catherine <span class=\"elementor-heading-title elementor-size-default elementor-inline-editing pen\" data-elementor-setting-key=\"title\" data-pen-placeholder=\"\u00c9crivez ici...\" style=\"border: 0px;vertical-align: baseline;clear: both;line-height: 1.4\">Verchere <\/span>Julia<br>Responsable de publication<span data-elementor-setting-key=\"title\" data-pen-placeholder=\"\u00c9crivez ici...\" style=\"border: 0px;vertical-align: baseline;clear: both;line-height: 1.4\"> : Catherine <span data-elementor-setting-key=\"title\" data-pen-placeholder=\"\u00c9crivez ici...\" style=\"border: 0px;vertical-align: baseline;clear: both;line-height: 1.4\">Verchere <\/span>Julia<\/span><br>Conception et r\u00e9alisation : Catherine <span data-elementor-setting-key=\"title\" data-pen-placeholder=\"\u00c9crivez ici...\" style=\"border: 0px;vertical-align: baseline;clear: both;line-height: 1.4\">Verchere <\/span>Julia<br>Animation : Catherine Verchere Julia<br>H\u00e9bergeur : <span data-elementor-setting-key=\"title\" data-pen-placeholder=\"\u00c9crivez ici...\" style=\"border: 0px;vertical-align: baseline;clear: both;line-height: 1.4\">Hostinger<\/span><\/h3>\t\t\t\t<\/div>\n\t\t\t\t<\/div>\n\t\t\t\t<div class=\"elementor-element elementor-element-9bdb3ed elementor-widget elementor-widget-heading\" data-id=\"9bdb3ed\" data-element_type=\"widget\" data-e-type=\"widget\" data-widget_type=\"heading.default\">\n\t\t\t\t<div class=\"elementor-widget-container\">\n\t\t\t\t\t<h3 class=\"elementor-heading-title elementor-size-large\">PERSONNE MORALE<\/h3>\t\t\t\t<\/div>\n\t\t\t\t<\/div>\n\t\t\t\t<div class=\"elementor-element elementor-element-97242fb elementor-widget elementor-widget-heading\" data-id=\"97242fb\" data-element_type=\"widget\" data-e-type=\"widget\" data-widget_type=\"heading.default\">\n\t\t\t\t<div class=\"elementor-widget-container\">\n\t\t\t\t\t<h3 class=\"elementor-heading-title elementor-size-default\">Raison sociale : Catherine Verchere Julia<br>Forme juridique : artiste auteure<br>Num\u00e9ro d\u2019ordre \u00e0 la Maison des Artistes : V235834<br>Code APE : 9003A<br>Siret : 483 398 525 00038<br>Adresse : 20, eur \u00c9mile Zola \u2013 13150 Tarascon-sur-Rh\u00f4ne<br>T\u00e9l\u00e9phone : 06 12 03 79 98<br>Email : Julia.verchere@gmail.com<\/h3>\t\t\t\t<\/div>\n\t\t\t\t<\/div>\n\t\t\t\t<div class=\"elementor-element elementor-element-32e2eac elementor-widget elementor-widget-heading\" data-id=\"32e2eac\" data-element_type=\"widget\" data-e-type=\"widget\" data-widget_type=\"heading.default\">\n\t\t\t\t<div class=\"elementor-widget-container\">\n\t\t\t\t\t<h3 class=\"elementor-heading-title elementor-size-large\">CONDITIONS D\u2019UTILISATION<\/h3>\t\t\t\t<\/div>\n\t\t\t\t<\/div>\n\t\t\t\t<div class=\"elementor-element elementor-element-def1541 elementor-widget elementor-widget-heading\" data-id=\"def1541\" data-element_type=\"widget\" data-e-type=\"widget\" data-widget_type=\"heading.default\">\n\t\t\t\t<div class=\"elementor-widget-container\">\n\t\t\t\t\t<h3 class=\"elementor-heading-title elementor-size-default\"><span class=\"elementor-heading-title elementor-size-default elementor-inline-editing pen\" data-elementor-setting-key=\"title\" data-pen-placeholder=\"\u00c9crivez ici...\" style=\"border: 0px;vertical-align: baseline;clear: both;line-height: 1.3\">L\u2019utilisation du pr\u00e9sent site implique l\u2019acceptation pleine et enti\u00e8re des conditions g\u00e9n\u00e9rales d\u2019utilisation d\u00e9crites ci-apr\u00e8s. Ces conditions d\u2019utilisation sont susceptibles d\u2019\u00eatre modifi\u00e9es ou compl\u00e9t\u00e9es \u00e0 tout moment.<\/span><\/h3>\t\t\t\t<\/div>\n\t\t\t\t<\/div>\n\t\t\t\t<div class=\"elementor-element elementor-element-1c1ac8f elementor-widget elementor-widget-heading\" data-id=\"1c1ac8f\" data-element_type=\"widget\" data-e-type=\"widget\" data-widget_type=\"heading.default\">\n\t\t\t\t<div class=\"elementor-widget-container\">\n\t\t\t\t\t<h3 class=\"elementor-heading-title elementor-size-large\">INFORMATIONS<\/h3>\t\t\t\t<\/div>\n\t\t\t\t<\/div>\n\t\t\t\t<div class=\"elementor-element elementor-element-d20680a elementor-widget elementor-widget-heading\" data-id=\"d20680a\" data-element_type=\"widget\" data-e-type=\"widget\" data-widget_type=\"heading.default\">\n\t\t\t\t<div class=\"elementor-widget-container\">\n\t\t\t\t\t<h3 class=\"elementor-heading-title elementor-size-default\"><span class=\"elementor-heading-title elementor-size-default elementor-inline-editing pen\" data-elementor-setting-key=\"title\" data-pen-placeholder=\"\u00c9crivez ici...\" style=\"border: 0px;vertical-align: baseline;clear: both;line-height: 1.3\">Les informations et documents du site sont pr\u00e9sent\u00e9s \u00e0 titre indicatif, n\u2019ont pas de caract\u00e8re exhaustif, et ne peuvent engager la responsabilit\u00e9 du propri\u00e9taire du site. Le propri\u00e9taire du site ne peut \u00eatre tenu responsable des dommages directs et indirects cons\u00e9cutifs \u00e0 l\u2019acc\u00e8s au site.<\/span><\/h3>\t\t\t\t<\/div>\n\t\t\t\t<\/div>\n\t\t\t\t<div class=\"elementor-element elementor-element-4137f27 elementor-widget elementor-widget-heading\" data-id=\"4137f27\" data-element_type=\"widget\" data-e-type=\"widget\" data-widget_type=\"heading.default\">\n\t\t\t\t<div class=\"elementor-widget-container\">\n\t\t\t\t\t<h3 class=\"elementor-heading-title elementor-size-large\">INTERACTIVIT\u00c9<\/h3>\t\t\t\t<\/div>\n\t\t\t\t<\/div>\n\t\t\t\t<div class=\"elementor-element elementor-element-707e934 elementor-widget elementor-widget-heading\" data-id=\"707e934\" data-element_type=\"widget\" data-e-type=\"widget\" data-widget_type=\"heading.default\">\n\t\t\t\t<div class=\"elementor-widget-container\">\n\t\t\t\t\t<h3 class=\"elementor-heading-title elementor-size-default\"><span class=\"elementor-heading-title elementor-size-default elementor-inline-editing pen\" data-elementor-setting-key=\"title\" data-pen-placeholder=\"\u00c9crivez ici...\" style=\"border: 0px;vertical-align: baseline;clear: both;line-height: 1.3\">Les utilisateurs du site peuvent y d\u00e9poser du contenu, apparaissant sur le site dans des espaces d\u00e9di\u00e9s (notamment via les commentaires). Le contenu d\u00e9pos\u00e9 reste sous la responsabilit\u00e9 de leurs auteurs, qui en assument pleinement l\u2019enti\u00e8re responsabilit\u00e9 juridique.<\/span><\/h3>\t\t\t\t<\/div>\n\t\t\t\t<\/div>\n\t\t\t\t<div class=\"elementor-element elementor-element-5229eb4 elementor-widget elementor-widget-heading\" data-id=\"5229eb4\" data-element_type=\"widget\" data-e-type=\"widget\" data-widget_type=\"heading.default\">\n\t\t\t\t<div class=\"elementor-widget-container\">\n\t\t\t\t\t<h3 class=\"elementor-heading-title elementor-size-large\">PROPRI\u00c9T\u00c9 INTELLECTUELLE<\/h3>\t\t\t\t<\/div>\n\t\t\t\t<\/div>\n\t\t\t\t<div class=\"elementor-element elementor-element-1045cc5 elementor-widget elementor-widget-heading\" data-id=\"1045cc5\" data-element_type=\"widget\" data-e-type=\"widget\" data-widget_type=\"heading.default\">\n\t\t\t\t<div class=\"elementor-widget-container\">\n\t\t\t\t\t<h3 class=\"elementor-heading-title elementor-size-default\">Sauf mention contraire, tous les \u00e9l\u00e9ments accessibles sur le site (textes, images, graphismes, logo, ic\u00f4nes, sons, logiciels, etc.) restent la propri\u00e9t\u00e9 exclusive de leurs auteurs, en ce qui concerne les droits de propri\u00e9t\u00e9 intellectuelle ou les droits d\u2019usage.1<br>Toute reproduction, repr\u00e9sentation, modification, publication, adaptation de tout ou partie des \u00e9l\u00e9ments du site, quel que soit le moyen ou le proc\u00e9d\u00e9 utilis\u00e9, est interdite, sauf autorisation \u00e9crite pr\u00e9alable de l\u2019auteur.2, 3<br>Toute exploitation non autoris\u00e9e du site ou de l\u2019un quelconque des \u00e9l\u00e9ments qu\u2019il contient est consid\u00e9r\u00e9e comme constitutive d\u2019une contrefa\u00e7on et passible de poursuites.4<br>Les marques et logos reproduits sur le site sont d\u00e9pos\u00e9s par les soci\u00e9t\u00e9s qui en sont propri\u00e9taires.<\/h3>\t\t\t\t<\/div>\n\t\t\t\t<\/div>\n\t\t\t\t<div class=\"elementor-element elementor-element-60295d6 elementor-widget elementor-widget-heading\" data-id=\"60295d6\" data-element_type=\"widget\" data-e-type=\"widget\" data-widget_type=\"heading.default\">\n\t\t\t\t<div class=\"elementor-widget-container\">\n\t\t\t\t\t<h3 class=\"elementor-heading-title elementor-size-large\">LIENS<\/h3>\t\t\t\t<\/div>\n\t\t\t\t<\/div>\n\t\t\t\t<div class=\"elementor-element elementor-element-04487ed elementor-widget elementor-widget-heading\" data-id=\"04487ed\" data-element_type=\"widget\" data-e-type=\"widget\" data-widget_type=\"heading.default\">\n\t\t\t\t<div class=\"elementor-widget-container\">\n\t\t\t\t\t<h3 class=\"elementor-heading-title elementor-size-default\">Liens sortants<br>Le propri\u00e9taire du site d\u00e9cline toute responsabilit\u00e9 et n\u2019est pas engag\u00e9 par le r\u00e9f\u00e9rencement via des liens hypertextes, de ressources tierces pr\u00e9sentes sur le r\u00e9seau Internet, tant en ce qui concerne leur contenu que leur pertinence.<br>Liens entrants<br>Le propri\u00e9taire du site autorise les liens hypertextes vers l\u2019une des pages de ce site, \u00e0 condition que ceux-ci ouvrent une nouvelle fen\u00eatre et soient pr\u00e9sent\u00e9s de mani\u00e8re non \u00e9quivoque afin d\u2019\u00e9viter :<br>\u2022 tout risque de confusion entre le site citant et le propri\u00e9taire du site<br><span class=\"elementor-heading-title elementor-size-default elementor-inline-editing pen\" data-elementor-setting-key=\"title\" data-pen-placeholder=\"\u00c9crivez ici...\" style=\"border: 0px;vertical-align: baseline;clear: both;line-height: 1.4\">\u2022 <\/span>ainsi que toute pr\u00e9sentation tendancieuse, ou contraire aux lois en vigueur.<br>Le propri\u00e9taire du site se r\u00e9serve le droit de demander la suppression d\u2019un lien s\u2019il estime que le site source ne respecte pas les r\u00e8gles ainsi d\u00e9finies.<\/h3>\t\t\t\t<\/div>\n\t\t\t\t<\/div>\n\t\t\t\t<div class=\"elementor-element elementor-element-5cb5edb elementor-widget elementor-widget-heading\" data-id=\"5cb5edb\" data-element_type=\"widget\" data-e-type=\"widget\" data-widget_type=\"heading.default\">\n\t\t\t\t<div class=\"elementor-widget-container\">\n\t\t\t\t\t<h3 class=\"elementor-heading-title elementor-size-large\">CONFIDENTIALIT\u00c9<\/h3>\t\t\t\t<\/div>\n\t\t\t\t<\/div>\n\t\t\t\t<div class=\"elementor-element elementor-element-b238b6f elementor-widget elementor-widget-heading\" data-id=\"b238b6f\" data-element_type=\"widget\" data-e-type=\"widget\" data-widget_type=\"heading.default\">\n\t\t\t\t<div class=\"elementor-widget-container\">\n\t\t\t\t\t<h3 class=\"elementor-heading-title elementor-size-default\">Tout utilisateur dispose d\u2019un droit d\u2019acc\u00e8s, de rectification et d\u2019opposition aux donn\u00e9es personnelles le concernant, en effectuant sa demande \u00e9crite et sign\u00e9e, accompagn\u00e9e d\u2019une preuve d\u2019identit\u00e9.5, 6, 7, 8<br>Le site ne recueille pas d\u2019informations personnelles, et n\u2019est pas assujetti \u00e0 d\u00e9claration \u00e0 la CNIL.9<\/h3>\t\t\t\t<\/div>\n\t\t\t\t<\/div>\n\t\t\t\t<div class=\"elementor-element elementor-element-06dbc9a elementor-widget elementor-widget-heading\" data-id=\"06dbc9a\" data-element_type=\"widget\" data-e-type=\"widget\" data-widget_type=\"heading.default\">\n\t\t\t\t<div class=\"elementor-widget-container\">\n\t\t\t\t\t<h3 class=\"elementor-heading-title elementor-size-large\">CR\u00c9DITS<\/h3>\t\t\t\t<\/div>\n\t\t\t\t<\/div>\n\t\t\t\t<div class=\"elementor-element elementor-element-0fc1415 elementor-widget elementor-widget-heading\" data-id=\"0fc1415\" data-element_type=\"widget\" data-e-type=\"widget\" data-widget_type=\"heading.default\">\n\t\t\t\t<div class=\"elementor-widget-container\">\n\t\t\t\t\t<h3 class=\"elementor-heading-title elementor-size-default\">Cr\u00e9dits photos, ic\u00f4nes : Catherine Julia, Daniel Ullrich, Albrecht D\u00fcrer, <span data-elementor-setting-key=\"title\" data-pen-placeholder=\"\u00c9crivez ici...\" style=\"border: 0px;vertical-align: baseline;clear: both;line-height: 1.4\">\u00c9douard Hue, pxhere, DR<\/span><br>Mentions l\u00e9gales : fournies par WebExpress \u2013 Version 1.6 \u2013 Utilisation libre sous Licence Creative Commons CC BY-NC-ND 3.0 FR \/ creativecommons.org<\/h3>\t\t\t\t<\/div>\n\t\t\t\t<\/div>\n\t\t\t\t<div class=\"elementor-element elementor-element-66da66f elementor-widget elementor-widget-heading\" data-id=\"66da66f\" data-element_type=\"widget\" data-e-type=\"widget\" data-widget_type=\"heading.default\">\n\t\t\t\t<div class=\"elementor-widget-container\">\n\t\t\t\t\t<h3 class=\"elementor-heading-title elementor-size-default\">1. Articles L111-1 et suivants du Code de la Propri\u00e9t\u00e9 Intellectuelle du 1er juillet 1992<br>2. Article 41 de la loi du 11 mars 1957<br><span style=\"font-size: inherit;font-style: inherit\">3. Article L. 226-13 du Code p\u00e9nal et la Directive Europ\u00e9enne du 24 octobre 1995<\/span><br><span style=\"font-size: inherit;font-style: inherit\">4. Articles L.335-2 et suivants du Code de Propri\u00e9t\u00e9 Intellectuelle<\/span><br><span style=\"font-size: inherit;font-style: inherit\">5. Loi n\u00b0 78-87 du 6 janvier 1978, modifi\u00e9e par la loi n\u00b0 2004-801 du 6 ao\u00fbt 2004, relative \u00e0 l\u2019informatique, aux fichiers et aux libert\u00e9s<\/span><div><span style=\"font-size: inherit;font-style: inherit\">6. Articles 38 et suivants de la loi 78-17 du 6 janvier 1978 relative \u00e0 l\u2019informatique, aux fichiers et aux libert\u00e9s<\/span><\/div><div><span style=\"font-size: inherit;font-style: inherit\">7. Loi du 1er juillet 1998 transposant la directive 96\/9 du 11 mars 1996 relative \u00e0 la protection juridique des bases de donn\u00e9es<\/span><br><span style=\"font-size: inherit;font-style: inherit\">8. Loi n\u00b0 2004-801 du 6 ao\u00fbt 2004<\/span><\/div><div><span style=\"font-size: inherit;font-style: inherit\">9. Article 6 de la&nbsp;<\/span><a href=\"https:\/\/www.legifrance.gouv.fr\/affichTexte.do?cidTexte=JORFTEXT000000801164&amp;dateTexte=20160619\" data-wpel-link=\"external\" target=\"_new\" rel=\"external noopener noreferrer\" class=\"ext-link wpel-icon-right\" style=\"font-size: inherit;font-style: inherit;font-family: inherit;margin: 0px;padding: 0px;border: 0px;line-height: inherit;vertical-align: baseline;color: var(--link)\">loi n\u00b0 2004-575 du 21 juin 2004<span class=\"wpel-icon wpel-image wpel-icon-4\" style=\"margin: 0px 0px 0px 0.3em;padding: 0px;border: 0px;font-family: inherit;font-size: inherit;font-style: inherit;line-height: inherit;vertical-align: baseline;);width: 10px;height: 10px;background-position: 100% 50%;background-repeat: no-repeat no-repeat\"><\/span><\/a><span style=\"font-size: inherit;font-style: inherit\">&nbsp;pour la confiance dans l\u2019\u00e9conomie num\u00e9rique<\/span><span style=\"font-style: inherit\"><\/span><\/div><\/h3>\t\t\t\t<\/div>\n\t\t\t\t<\/div>\n\t\t\t\t\t<\/div>\n\t\t<\/div>\n\t\t\t\t\t<\/div>\n\t\t<\/section>\n\t\t\t\t<\/div>\n\t\t","protected":false},"excerpt":{"rendered":"<p>Mentions l\u00e9gales IDENTIT\u00c9 Nom du site : laforgeeditorialeAdresse : http:\/\/laforgeeditoriale.comPropri\u00e9taire : Catherine Verchere JuliaResponsable de publication : Catherine Verchere JuliaConception et r\u00e9alisation : Catherine Verchere JuliaAnimation : Catherine Verchere JuliaH\u00e9bergeur : Hostinger PERSONNE MORALE Raison sociale : Catherine Verchere JuliaForme juridique : artiste auteureNum\u00e9ro d\u2019ordre \u00e0 la Maison des Artistes : V235834Code APE : 9003ASiret &hellip;<\/p>\n<p class=\"read-more\"> <a class=\"\" href=\"http:\/\/laforgeeditoriale.com\/index.php\/mentions_legales\/\">  Lire la suite \u00bb<\/a><\/p>\n","protected":false},"author":1,"featured_media":0,"parent":0,"menu_order":0,"comment_status":"closed","ping_status":"open","template":"","meta":{"om_disable_all_campaigns":false,"_monsterinsights_skip_tracking":false,"_monsterinsights_sitenote_active":false,"_monsterinsights_sitenote_note":"","_monsterinsights_sitenote_category":0,"site-sidebar-layout":"no-sidebar","site-content-layout":"page-builder","ast-main-header-display":"","ast-hfb-above-header-display":"","ast-hfb-below-header-display":"","ast-hfb-mobile-header-display":"","site-post-title":"disabled","ast-breadcrumbs-content":"","ast-featured-img":"disabled","footer-sml-layout":"","theme-transparent-header-meta":"","adv-header-id-meta":"","stick-header-meta":"","header-above-stick-meta":"","header-main-stick-meta":"","header-below-stick-meta":"","footnotes":""},"class_list":["post-3","page","type-page","status-publish","hentry"],"aioseo_notices":[],"uagb_featured_image_src":{"full":false,"thumbnail":false,"medium":false,"medium_large":false,"large":false,"1536x1536":false,"2048x2048":false},"uagb_author_info":{"display_name":"julia.verchere@gmail.com","author_link":"http:\/\/laforgeeditoriale.com\/index.php\/author\/julia-vercheregmail-com\/"},"uagb_comment_info":0,"uagb_excerpt":"Mentions l\u00e9gales IDENTIT\u00c9 Nom du site : laforgeeditorialeAdresse : http:\/\/laforgeeditoriale.comPropri\u00e9taire : Catherine Verchere JuliaResponsable de publication : Catherine Verchere JuliaConception et r\u00e9alisation : Catherine Verchere JuliaAnimation : Catherine Verchere JuliaH\u00e9bergeur : Hostinger PERSONNE MORALE Raison sociale : Catherine Verchere JuliaForme juridique : artiste auteureNum\u00e9ro d\u2019ordre \u00e0 la Maison des Artistes : V235834Code APE : 9003ASiret\u2026","_links":{"self":[{"href":"http:\/\/laforgeeditoriale.com\/index.php\/wp-json\/wp\/v2\/pages\/3","targetHints":{"allow":["GET"]}}],"collection":[{"href":"http:\/\/laforgeeditoriale.com\/index.php\/wp-json\/wp\/v2\/pages"}],"about":[{"href":"http:\/\/laforgeeditoriale.com\/index.php\/wp-json\/wp\/v2\/types\/page"}],"author":[{"embeddable":true,"href":"http:\/\/laforgeeditoriale.com\/index.php\/wp-json\/wp\/v2\/users\/1"}],"replies":[{"embeddable":true,"href":"http:\/\/laforgeeditoriale.com\/index.php\/wp-json\/wp\/v2\/comments?post=3"}],"version-history":[{"count":142,"href":"http:\/\/laforgeeditoriale.com\/index.php\/wp-json\/wp\/v2\/pages\/3\/revisions"}],"predecessor-version":[{"id":2765,"href":"http:\/\/laforgeeditoriale.com\/index.php\/wp-json\/wp\/v2\/pages\/3\/revisions\/2765"}],"wp:attachment":[{"href":"http:\/\/laforgeeditoriale.com\/index.php\/wp-json\/wp\/v2\/media?parent=3"}],"curies":[{"name":"wp","href":"https:\/\/api.w.org\/{rel}","templated":true}]}}